{"id":26,"date":"2014-09-10T20:16:50","date_gmt":"2014-09-10T20:16:50","guid":{"rendered":"https:\/\/kontorpartneren.dk\/?page_id=26"},"modified":"2014-09-19T12:47:55","modified_gmt":"2014-09-19T12:47:55","slug":"fordele-for-dig","status":"publish","type":"page","link":"https:\/\/kontorpartneren.dk\/?page_id=26","title":{"rendered":"Fordele for dig"},"content":{"rendered":"<p>Vores samarbejde giver dig gode fordele, heriblandt:<\/p>\n<p><img loading=\"lazy\" decoding=\"async\" class=\"alignleft wp-image-27\" src=\"https:\/\/kontorpartneren.dk\/wp-content\/uploads\/plus_02.jpg\" alt=\"plus_02\" width=\"30\" height=\"30\" \/>Du har ingen forpligtelser som feriepenge, pension, G-dage mv.<\/p>\n<p><img loading=\"lazy\" decoding=\"async\" class=\"alignleft wp-image-27\" src=\"https:\/\/kontorpartneren.dk\/wp-content\/uploads\/plus_02.jpg\" alt=\"plus_02\" width=\"30\" height=\"30\" \/>Du betaler KUN for de timer som din virksomheden har brug for.<\/p>\n<p><img loading=\"lazy\" decoding=\"async\" class=\"alignleft wp-image-27\" src=\"https:\/\/kontorpartneren.dk\/wp-content\/uploads\/plus_02.jpg\" alt=\"plus_02\" width=\"30\" height=\"30\" \/>Du v\u00e6lger selv, hvor, hvorn\u00e5r, hvor tit og hvor l\u00e6nge du \u00f8nsker hj\u00e6lp.<\/p>\n<p>&nbsp;<\/p>\n<p>&nbsp;<\/p>\n<p>&nbsp;<\/p>\n<p>&nbsp;<\/p>\n","protected":false},"excerpt":{"rendered":"<p>Vores samarbejde giver dig gode fordele, heriblandt: Du har ingen forpligtelser som feriepenge, pension, G-dage mv. Du betaler KUN for de timer som din virksomheden har brug for. Du v\u00e6lger selv, hvor, hvorn\u00e5r, hvor tit og hvor l\u00e6nge du \u00f8nsker hj\u00e6lp. &nbsp; &nbsp; &nbsp; &nbsp;<\/p>\n","protected":false},"author":1,"featured_media":0,"parent":0,"menu_order":0,"comment_status":"closed","ping_status":"closed","template":"","meta":{"footnotes":""},"class_list":["post-26","page","type-page","status-publish","hentry"],"_links":{"self":[{"href":"https:\/\/kontorpartneren.dk\/index.php?rest_route=\/wp\/v2\/pages\/26","targetHints":{"allow":["GET"]}}],"collection":[{"href":"https:\/\/kontorpartneren.dk\/index.php?rest_route=\/wp\/v2\/pages"}],"about":[{"href":"https:\/\/kontorpartneren.dk\/index.php?rest_route=\/wp\/v2\/types\/page"}],"author":[{"embeddable":true,"href":"https:\/\/kontorpartneren.dk\/index.php?rest_route=\/wp\/v2\/users\/1"}],"replies":[{"embeddable":true,"href":"https:\/\/kontorpartneren.dk\/index.php?rest_route=%2Fwp%2Fv2%2Fcomments&post=26"}],"version-history":[{"count":9,"href":"https:\/\/kontorpartneren.dk\/index.php?rest_route=\/wp\/v2\/pages\/26\/revisions"}],"predecessor-version":[{"id":79,"href":"https:\/\/kontorpartneren.dk\/index.php?rest_route=\/wp\/v2\/pages\/26\/revisions\/79"}],"wp:attachment":[{"href":"https:\/\/kontorpartneren.dk\/index.php?rest_route=%2Fwp%2Fv2%2Fmedia&parent=26"}],"curies":[{"name":"wp","href":"https:\/\/api.w.org\/{rel}","templated":true}]}}