{"id":2,"date":"2014-09-10T19:07:51","date_gmt":"2014-09-10T19:07:51","guid":{"rendered":"https:\/\/kontorpartneren.dk\/?page_id=2"},"modified":"2014-09-12T12:21:56","modified_gmt":"2014-09-12T12:21:56","slug":"eksempel-side","status":"publish","type":"page","link":"https:\/\/kontorpartneren.dk\/","title":{"rendered":"Forside"},"content":{"rendered":"<p>Velkommen til KontorPartneren,<\/p>\n<p>Er du ved at drukne i papirarbejde og f\u00f8ler du det som en stor byrde at bruge tid p\u00e5 bogf\u00f8ring, afregning af moms, betaling af Kreditorer, rykke dine Debitorer mv.<\/p>\n<p>Hvorfor s\u00e5 ikke lade mig om det?<\/p>\n<p>Fokuser p\u00e5 det du br\u00e6nder for, det du er bedst til, det som din virksomhed reelt handler om og lad mig hj\u00e6lpe dig af med dyngerne p\u00e5 skriverbordet.<\/p>\n<p>Det er ikke ved skrivebordet DU tjener din l\u00f8n, men det kan koste overblik og dermed penge, hvis ikke man har den forn\u00f8dne tid og gejst for kontorarbejde.<\/p>\n<p>Kontakt mig for et uforpligtende m\u00f8de. Vi finder en l\u00f8sning, hvad enten det er en kortvarig hj\u00e6lp du \u00f8nsker eller en fast l\u00f8bende aftale.<\/p>\n<p>Venlig hilsen<\/p>\n<p>Tanja Kirkedal Thorsen<\/p>\n<p>&nbsp;<\/p>\n","protected":false},"excerpt":{"rendered":"<p>Velkommen til KontorPartneren, Er du ved at drukne i papirarbejde og f\u00f8ler du det som en stor byrde at bruge tid p\u00e5 bogf\u00f8ring, afregning af moms, betaling af Kreditorer, rykke dine Debitorer mv. Hvorfor s\u00e5 ikke lade mig om det? Fokuser p\u00e5 det du br\u00e6nder for, det du er bedst til, det som din virksomhed [&hellip;]<\/p>\n","protected":false},"author":1,"featured_media":0,"parent":0,"menu_order":0,"comment_status":"closed","ping_status":"closed","template":"","meta":{"footnotes":""},"class_list":["post-2","page","type-page","status-publish","hentry"],"_links":{"self":[{"href":"https:\/\/kontorpartneren.dk\/index.php?rest_route=\/wp\/v2\/pages\/2","targetHints":{"allow":["GET"]}}],"collection":[{"href":"https:\/\/kontorpartneren.dk\/index.php?rest_route=\/wp\/v2\/pages"}],"about":[{"href":"https:\/\/kontorpartneren.dk\/index.php?rest_route=\/wp\/v2\/types\/page"}],"author":[{"embeddable":true,"href":"https:\/\/kontorpartneren.dk\/index.php?rest_route=\/wp\/v2\/users\/1"}],"replies":[{"embeddable":true,"href":"https:\/\/kontorpartneren.dk\/index.php?rest_route=%2Fwp%2Fv2%2Fcomments&post=2"}],"version-history":[{"count":4,"href":"https:\/\/kontorpartneren.dk\/index.php?rest_route=\/wp\/v2\/pages\/2\/revisions"}],"predecessor-version":[{"id":77,"href":"https:\/\/kontorpartneren.dk\/index.php?rest_route=\/wp\/v2\/pages\/2\/revisions\/77"}],"wp:attachment":[{"href":"https:\/\/kontorpartneren.dk\/index.php?rest_route=%2Fwp%2Fv2%2Fmedia&parent=2"}],"curies":[{"name":"wp","href":"https:\/\/api.w.org\/{rel}","templated":true}]}}